{"id":378,"date":"2020-03-04T11:34:07","date_gmt":"2020-03-04T11:34:07","guid":{"rendered":"https:\/\/hitemplin.com\/?page_id=378"},"modified":"2026-03-18T09:44:33","modified_gmt":"2026-03-18T09:44:33","slug":"karriere","status":"publish","type":"page","link":"https:\/\/hbb-bralitz.com\/es\/karriere\/","title":{"rendered":"Karriere &#038; Ausbildung"},"content":{"rendered":"<div data-elementor-type=\"wp-page\" data-elementor-id=\"378\" class=\"elementor elementor-378\" data-elementor-post-type=\"page\">\n\t\t\t\t<!-- dce invisible element 1d0470de -->\t\t<section class=\"elementor-section elementor-top-section elementor-element elementor-element-5f401f7 elementor-section-stretched elementor-section-boxed elementor-section-height-default elementor-section-height-default\" data-id=\"5f401f7\" data-element_type=\"section\" data-e-type=\"section\" data-settings=\"{&quot;stretch_section&quot;:&quot;section-stretched&quot;,&quot;background_background&quot;:&quot;classic&quot;}\">\n\t\t\t\t\t\t<div class=\"elementor-container elementor-column-gap-default\">\n\t\t\t\t\t<div class=\"elementor-column elementor-col-100 elementor-top-column elementor-element elementor-element-f4ae611\" data-id=\"f4ae611\" data-element_type=\"column\" data-e-type=\"column\">\n\t\t\t<div class=\"elementor-widget-wrap elementor-element-populated\">\n\t\t\t\t\t\t<div class=\"elementor-element elementor-element-38eb8311 elementor-widget-divider--view-line_text elementor-widget-divider--element-align-right elementor-widget elementor-widget-divider\" data-id=\"38eb8311\" data-element_type=\"widget\" data-e-type=\"widget\" data-widget_type=\"divider.default\">\n\t\t\t\t<div class=\"elementor-widget-container\">\n\t\t\t\t\t\t\t<div class=\"elementor-divider\">\n\t\t\t<span class=\"elementor-divider-separator\">\n\t\t\t\t\t\t\t<span class=\"elementor-divider__text elementor-divider__element\">\n\t\t\t\tKarriere & Ausbildung\t\t\t\t<\/span>\n\t\t\t\t\t\t<\/span>\n\t\t<\/div>\n\t\t\t\t\t\t<\/div>\n\t\t\t\t<\/div>\n\t\t\t\t<div class=\"elementor-element elementor-element-f084c61 elementor-widget elementor-widget-heading\" data-id=\"f084c61\" data-element_type=\"widget\" data-e-type=\"widget\" data-widget_type=\"heading.default\">\n\t\t\t\t<div class=\"elementor-widget-container\">\n\t\t\t\t\t<h4 class=\"elementor-heading-title elementor-size-default\">Stellenangebote bei der Holzbearbeitung Bralitz GmbH<\/h4>\t\t\t\t<\/div>\n\t\t\t\t<\/div>\n\t\t\t\t\t<\/div>\n\t\t<\/div>\n\t\t\t\t\t<\/div>\n\t\t<\/section>\n\t\t\t\t<section class=\"elementor-section elementor-top-section elementor-element elementor-element-47823473 elementor-section-boxed elementor-section-height-default elementor-section-height-default\" data-id=\"47823473\" data-element_type=\"section\" data-e-type=\"section\">\n\t\t\t\t\t\t<div class=\"elementor-container elementor-column-gap-default\">\n\t\t\t\t\t<div class=\"elementor-column elementor-col-100 elementor-top-column elementor-element elementor-element-4cb63256\" data-id=\"4cb63256\" data-element_type=\"column\" data-e-type=\"column\">\n\t\t\t<div class=\"elementor-widget-wrap elementor-element-populated\">\n\t\t\t\t\t\t<div class=\"elementor-element elementor-element-f08174d elementor-widget-divider--view-line elementor-widget elementor-widget-divider\" data-id=\"f08174d\" data-element_type=\"widget\" data-e-type=\"widget\" data-widget_type=\"divider.default\">\n\t\t\t\t<div class=\"elementor-widget-container\">\n\t\t\t\t\t\t\t<div class=\"elementor-divider\">\n\t\t\t<span class=\"elementor-divider-separator\">\n\t\t\t\t\t\t<\/span>\n\t\t<\/div>\n\t\t\t\t\t\t<\/div>\n\t\t\t\t<\/div>\n\t\t\t\t<div class=\"elementor-element elementor-element-941b2c4 elementor-widget elementor-widget-heading\" data-id=\"941b2c4\" data-element_type=\"widget\" data-e-type=\"widget\" data-widget_type=\"heading.default\">\n\t\t\t\t<div class=\"elementor-widget-container\">\n\t\t\t\t\t<h4 class=\"elementor-heading-title elementor-size-default\">Ausbildung bei der Holzbearbeitung Bralitz GmbH<\/h4>\t\t\t\t<\/div>\n\t\t\t\t<\/div>\n\t\t\t\t<div class=\"elementor-element elementor-element-0a0f80d elementor-widget elementor-widget-text-editor\" data-id=\"0a0f80d\" data-element_type=\"widget\" data-e-type=\"widget\" data-widget_type=\"text-editor.default\">\n\t\t\t\t<div class=\"elementor-widget-container\">\n\t\t\t\t\t\t\t\t\t<p>Aus Liebe zu Wald und Holz willst Du Gro\u00dfes leisten? Du willst das Klima sch\u00fctzen und den Wald retten? Dann bist Du bei uns richtig. Gemeinsam mit Dir produzieren wir wertvolles Laubschnittholz aus heimischen W\u00e4ldern.<\/p>\t\t\t\t\t\t\t\t<\/div>\n\t\t\t\t<\/div>\n\t\t\t\t\t<\/div>\n\t\t<\/div>\n\t\t\t\t\t<\/div>\n\t\t<\/section>\n\t\t\t\t<section class=\"elementor-section elementor-top-section elementor-element elementor-element-67b928c elementor-section-boxed elementor-section-height-default elementor-section-height-default\" data-id=\"67b928c\" data-element_type=\"section\" data-e-type=\"section\">\n\t\t\t\t\t\t<div class=\"elementor-container elementor-column-gap-default\">\n\t\t\t\t\t<div class=\"elementor-column elementor-col-100 elementor-top-column elementor-element elementor-element-cd2530e\" data-id=\"cd2530e\" data-element_type=\"column\" data-e-type=\"column\">\n\t\t\t<div class=\"elementor-widget-wrap elementor-element-populated\">\n\t\t\t\t\t\t<div class=\"elementor-element elementor-element-d13ac6e elementor-widget elementor-widget-heading\" data-id=\"d13ac6e\" data-element_type=\"widget\" data-e-type=\"widget\" data-widget_type=\"heading.default\">\n\t\t\t\t<div class=\"elementor-widget-container\">\n\t\t\t\t\t<h4 class=\"elementor-heading-title elementor-size-default\">Ausbildung zum Holzbearbeitungsmechaniker\/in<\/h4>\t\t\t\t<\/div>\n\t\t\t\t<\/div>\n\t\t\t\t<div class=\"elementor-element elementor-element-8b59fec elementor-widget elementor-widget-text-editor\" data-id=\"8b59fec\" data-element_type=\"widget\" data-e-type=\"widget\" data-widget_type=\"text-editor.default\">\n\t\t\t\t<div class=\"elementor-widget-container\">\n\t\t\t\t\t\t\t\t\t<p>Als Holzbearbeitungsmechaniker\/in sorgst Du daf\u00fcr, dass aus einem Baumstamm wertvolle Schnittg\u00fcter entstehen, die in der ganzen Welt nachgefragt werden.<\/p><p><strong>Auf das kannst Du Dich freuen:<\/strong><\/p><ul><li><p>Ein tolles Team<\/p><\/li><li><p>Vielf\u00e4ltige und abwechslungsreiche Aufgaben<\/p><\/li><li><p>Entwicklungsm\u00f6glichkeiten schon w\u00e4hrend und nach Deiner Ausbildung<\/p><\/li><li><p>Sehr hohe \u00dcbernahmewahrscheinlichkeit bei bestandener Pr\u00fcfung<\/p><\/li><\/ul><p><strong>Ausbildungsverg\u00fctung:<\/strong><\/p><p>ab 01.01.2026:<\/p><ul><li><p>1. Lehrjahr:\u00a0\u00a0 775 \u20ac<\/p><\/li><li><p>2. Lehrjahr:\u00a0\u00a0 875 \u20ac<\/p><\/li><li><p>3. Lehrjahr: \u00a0 977 \u20ac<\/p><\/li><\/ul><p><strong>Zus\u00e4tzliche Leistungen:<\/strong><\/p><ul><li><p>J\u00e4hrliche Pr\u00e4mien bis 1.000,00 \u20ac zus\u00e4tzlich bei guten Leistungen in Schule und Betrieb.<\/p><\/li><li><p>Fahrtkosten zur Berufsschule und \u00fcberbetrieblichen Kursen werden erstattet<\/p><\/li><\/ul><p><strong>Das lernst Du bei uns:<\/strong><\/p><ul><li><p>S\u00e4gen-, Maschinen- und Anlagenf\u00fchrung mithilfe von modernen und computergest\u00fctzten Systemen, die Du bedienst und Instand h\u00e4ltst<\/p><\/li><li><p>Du \u00fcberwachst und optimierst die Fertigungsprozesse<\/p><\/li><li><p>Du bereitest das Schnittholz f\u00fcr die Lagerung oder den Versand vor<\/p><\/li><\/ul><p><strong>\u00a0Das solltest du mitbringen:<\/strong><\/p><ul><li><p>Eine hohe Motivation<\/p><\/li><li><p>Freude an Technik<\/p><\/li><li><p>Handwerkliches Geschick<\/p><\/li><li><p>Eine gute k\u00f6rperliche Konstitution<\/p><\/li><\/ul><p><span style=\"color: #1d4533;\"><a style=\"color: #1d4533;\" href=\"mailto:hans@hitemplin.com;info@hbb-bralitz.com\" target=\"_blank\" rel=\"noopener\"><strong>\u2192 Dann bewirb dich bei uns!<\/strong><\/a><\/span><\/p><p><a href=\"mailto:hans@hitemplin.com\" target=\"_blank\" rel=\"noopener\"><span style=\"color: #1d4533;\">\u2192 oder mache ein Sch\u00fclerpraktikum<\/span>!<\/a><\/p>\t\t\t\t\t\t\t\t<\/div>\n\t\t\t\t<\/div>\n\t\t\t\t<div class=\"elementor-element elementor-element-f6ba604 elementor-widget elementor-widget-heading\" data-id=\"f6ba604\" data-element_type=\"widget\" data-e-type=\"widget\" data-widget_type=\"heading.default\">\n\t\t\t\t<div class=\"elementor-widget-container\">\n\t\t\t\t\t<h4 class=\"elementor-heading-title elementor-size-default\">Ausbildung zum Metallbauer\/in<\/h4>\t\t\t\t<\/div>\n\t\t\t\t<\/div>\n\t\t\t\t<div class=\"elementor-element elementor-element-9e904fc elementor-widget elementor-widget-text-editor\" data-id=\"9e904fc\" data-element_type=\"widget\" data-e-type=\"widget\" data-widget_type=\"text-editor.default\">\n\t\t\t\t<div class=\"elementor-widget-container\">\n\t\t\t\t\t\t\t\t\t<p><strong>Deine Aufgaben:<\/strong><\/p><p>In Deiner Ausbildung zum Metallbauer (m\/w\/d) lernst Du, wie man hydraulische, pneumatische und elektronische Bauteile montiert und \u00fcberpr\u00fcft. Du stellst Stahl- und Metallbaukonstruktionen her, montierst diese und sorgt f\u00fcr die Instandsetzung. Du bist am gesamten Prozess von der Planung bis zur Verarbeitung und Produktion beteiligt.<\/p><p><strong>\u00a0Das solltest du mitbringen:<\/strong><\/p><ul><li><p>Realschulabschlu\u00df oder guter Hauptschulabschlu\u00df<\/p><\/li><li><p>Interesse f\u00fcr technische Zusammenh\u00e4nge, landwirtschaftliche Maschinen und praktische T\u00e4tigkeiten<\/p><\/li><li><p>Technisches Grundverst\u00e4ndnis<\/p><\/li><li><p>Manuelles Geschick und kundenorientiertes Denken<\/p><\/li><\/ul><p><span style=\"color: #1d4533;\"><a style=\"color: #1d4533;\" href=\"mailto:hans@hitemplin.com;info@hbb-bralitz.com\" target=\"_blank\" rel=\"noopener\"><strong>\u2192 Dann bewirb dich bei uns!<\/strong><\/a><\/span><\/p><p><a href=\"mailto:hans@hitemplin.com\" target=\"_blank\" rel=\"noopener\"><span style=\"color: #1d4533;\">\u2192 oder mache ein Sch\u00fclerpraktikum<\/span>!<\/a><\/p>\t\t\t\t\t\t\t\t<\/div>\n\t\t\t\t<\/div>\n\t\t\t\t\t<\/div>\n\t\t<\/div>\n\t\t<!-- dce invisible element 0d97d3b -->\t\t\t<\/div>\n\t\t<\/section>\n\t\t\t\t<section class=\"elementor-section elementor-top-section elementor-element elementor-element-6a837fa elementor-section-boxed elementor-section-height-default elementor-section-height-default\" data-id=\"6a837fa\" data-element_type=\"section\" data-e-type=\"section\">\n\t\t\t\t\t\t<div class=\"elementor-container elementor-column-gap-default\">\n\t\t\t\t\t<div class=\"elementor-column elementor-col-100 elementor-top-column elementor-element elementor-element-68a322a\" data-id=\"68a322a\" data-element_type=\"column\" data-e-type=\"column\">\n\t\t\t<div class=\"elementor-widget-wrap elementor-element-populated\">\n\t\t\t\t\t\t<div class=\"elementor-element elementor-element-deef205 elementor-widget elementor-widget-text-editor\" data-id=\"deef205\" data-element_type=\"widget\" data-e-type=\"widget\" data-widget_type=\"text-editor.default\">\n\t\t\t\t<div class=\"elementor-widget-container\">\n\t\t\t\t\t\t\t\t\t<p><strong>Weiterhin bilden wir aus:<\/strong><\/p><ol><li><p>Mechatroniker (m\/w\/d)<\/p><\/li><\/ol>\t\t\t\t\t\t\t\t<\/div>\n\t\t\t\t<\/div>\n\t\t\t\t\t<\/div>\n\t\t<\/div>\n\t\t\t\t\t<\/div>\n\t\t<\/section>\n\t\t\t\t<section class=\"elementor-section elementor-top-section elementor-element elementor-element-de613f0 elementor-section-boxed elementor-section-height-default elementor-section-height-default\" data-id=\"de613f0\" data-element_type=\"section\" data-e-type=\"section\">\n\t\t\t\t\t\t<div class=\"elementor-container elementor-column-gap-default\">\n\t\t\t\t\t<div class=\"elementor-column elementor-col-100 elementor-top-column elementor-element elementor-element-1600a52\" data-id=\"1600a52\" data-element_type=\"column\" data-e-type=\"column\">\n\t\t\t<div class=\"elementor-widget-wrap elementor-element-populated\">\n\t\t\t\t<!-- dce invisible element a380a30 -->\t\t\t<\/div>\n\t\t<\/div>\n\t\t\t\t\t<\/div>\n\t\t<\/section>\n\t\t\t\t<section class=\"elementor-section elementor-top-section elementor-element elementor-element-f600606 elementor-section-boxed elementor-section-height-default elementor-section-height-default\" data-id=\"f600606\" data-element_type=\"section\" data-e-type=\"section\">\n\t\t\t\t\t\t<div class=\"elementor-container elementor-column-gap-default\">\n\t\t\t\t\t<div class=\"elementor-column elementor-col-100 elementor-top-column elementor-element elementor-element-25e176c\" data-id=\"25e176c\" data-element_type=\"column\" data-e-type=\"column\">\n\t\t\t<div class=\"elementor-widget-wrap elementor-element-populated\">\n\t\t\t\t<!-- dce invisible element 24028aa -->\t\t\t<\/div>\n\t\t<\/div>\n\t\t\t\t\t<\/div>\n\t\t<\/section>\n\t\t\t\t<section class=\"elementor-section elementor-top-section elementor-element elementor-element-b29d07e elementor-section-boxed elementor-section-height-default elementor-section-height-default\" data-id=\"b29d07e\" data-element_type=\"section\" data-e-type=\"section\">\n\t\t\t\t\t\t<div class=\"elementor-container elementor-column-gap-default\">\n\t\t\t\t\t<div class=\"elementor-column elementor-col-100 elementor-top-column elementor-element elementor-element-444c456\" data-id=\"444c456\" data-element_type=\"column\" data-e-type=\"column\">\n\t\t\t<div class=\"elementor-widget-wrap elementor-element-populated\">\n\t\t\t\t\t\t<div class=\"elementor-element elementor-element-a650c8d elementor-widget elementor-widget-spacer\" data-id=\"a650c8d\" data-element_type=\"widget\" data-e-type=\"widget\" data-widget_type=\"spacer.default\">\n\t\t\t\t<div class=\"elementor-widget-container\">\n\t\t\t\t\t\t\t<div class=\"elementor-spacer\">\n\t\t\t<div class=\"elementor-spacer-inner\"><\/div>\n\t\t<\/div>\n\t\t\t\t\t\t<\/div>\n\t\t\t\t<\/div>\n\t\t\t\t\t<\/div>\n\t\t<\/div>\n\t\t\t\t\t<\/div>\n\t\t<\/section>\n\t\t\t\t<\/div>","protected":false},"excerpt":{"rendered":"<p>Karriere &#038; Ausbildung Stellenangebote bei der Holzbearbeitung Bralitz GmbH Im Moment haben wir keine offenen Stellen zu besetzen. Elektriker (m\/w\/d) zur Anlagenbedienung und Instandhaltung in einem S\u00e4gewerk mit BiomasseheizkraftwerkDamit die Wertsch\u00f6pfungskette reibungslos l\u00e4uft, hast Du als Elektriker (m\/w\/d) zur Anlagenbedienung alles im Blick. Du bist f\u00fcr die Bedienung der Anlagen im S\u00e4gewerk sowie f\u00fcr deren [&hellip;]<\/p>\n","protected":false},"author":1,"featured_media":0,"parent":0,"menu_order":0,"comment_status":"closed","ping_status":"closed","template":"elementor_header_footer","meta":{"footnotes":""},"class_list":["post-378","page","type-page","status-publish","hentry"],"_links":{"self":[{"href":"https:\/\/hbb-bralitz.com\/es\/wp-json\/wp\/v2\/pages\/378","targetHints":{"allow":["GET"]}}],"collection":[{"href":"https:\/\/hbb-bralitz.com\/es\/wp-json\/wp\/v2\/pages"}],"about":[{"href":"https:\/\/hbb-bralitz.com\/es\/wp-json\/wp\/v2\/types\/page"}],"author":[{"embeddable":true,"href":"https:\/\/hbb-bralitz.com\/es\/wp-json\/wp\/v2\/users\/1"}],"replies":[{"embeddable":true,"href":"https:\/\/hbb-bralitz.com\/es\/wp-json\/wp\/v2\/comments?post=378"}],"version-history":[{"count":60,"href":"https:\/\/hbb-bralitz.com\/es\/wp-json\/wp\/v2\/pages\/378\/revisions"}],"predecessor-version":[{"id":5986,"href":"https:\/\/hbb-bralitz.com\/es\/wp-json\/wp\/v2\/pages\/378\/revisions\/5986"}],"wp:attachment":[{"href":"https:\/\/hbb-bralitz.com\/es\/wp-json\/wp\/v2\/media?parent=378"}],"curies":[{"name":"wp","href":"https:\/\/api.w.org\/{rel}","templated":true}]}}