{"id":665,"date":"2020-06-01T16:47:51","date_gmt":"2020-06-01T16:47:51","guid":{"rendered":"https:\/\/hitemplin.com\/?page_id=665"},"modified":"2025-09-15T07:58:09","modified_gmt":"2025-09-15T07:58:09","slug":"forstdienstleistungen","status":"publish","type":"page","link":"https:\/\/hbb-bralitz.com\/en\/forstdienstleistungen\/","title":{"rendered":"Forstdienstleistungen"},"content":{"rendered":"<div data-elementor-type=\"wp-page\" data-elementor-id=\"665\" class=\"elementor elementor-665\" data-elementor-post-type=\"page\">\n\t\t\t\t\t\t<section class=\"elementor-section elementor-top-section elementor-element elementor-element-9d03c97 elementor-section-boxed elementor-section-height-default elementor-section-height-default\" data-id=\"9d03c97\" data-element_type=\"section\" data-e-type=\"section\" data-settings=\"{&quot;background_background&quot;:&quot;classic&quot;}\">\n\t\t\t\t\t\t<div class=\"elementor-container elementor-column-gap-default\">\n\t\t\t\t\t<div class=\"elementor-column elementor-col-100 elementor-top-column elementor-element elementor-element-2b491a0\" data-id=\"2b491a0\" data-element_type=\"column\" data-e-type=\"column\">\n\t\t\t<div class=\"elementor-widget-wrap elementor-element-populated\">\n\t\t\t\t\t\t<div class=\"elementor-element elementor-element-4a2d092 elementor-widget elementor-widget-spacer\" data-id=\"4a2d092\" data-element_type=\"widget\" data-e-type=\"widget\" data-widget_type=\"spacer.default\">\n\t\t\t\t<div class=\"elementor-widget-container\">\n\t\t\t\t\t\t\t<div class=\"elementor-spacer\">\n\t\t\t<div class=\"elementor-spacer-inner\"><\/div>\n\t\t<\/div>\n\t\t\t\t\t\t<\/div>\n\t\t\t\t<\/div>\n\t\t\t\t\t<\/div>\n\t\t<\/div>\n\t\t\t\t\t<\/div>\n\t\t<\/section>\n\t\t\t\t<section class=\"elementor-section elementor-top-section elementor-element elementor-element-28fc2979 elementor-section-stretched elementor-section-boxed elementor-section-height-default elementor-section-height-default\" data-id=\"28fc2979\" data-element_type=\"section\" data-e-type=\"section\" data-settings=\"{&quot;stretch_section&quot;:&quot;section-stretched&quot;,&quot;background_background&quot;:&quot;classic&quot;}\">\n\t\t\t\t\t\t<div class=\"elementor-container elementor-column-gap-default\">\n\t\t\t\t\t<div class=\"elementor-column elementor-col-100 elementor-top-column elementor-element elementor-element-75436c1a\" data-id=\"75436c1a\" data-element_type=\"column\" data-e-type=\"column\">\n\t\t\t<div class=\"elementor-widget-wrap elementor-element-populated\">\n\t\t\t\t\t\t<div class=\"elementor-element elementor-element-3c897eab elementor-widget-divider--view-line_text elementor-widget-divider--element-align-right elementor-widget elementor-widget-divider\" data-id=\"3c897eab\" data-element_type=\"widget\" data-e-type=\"widget\" data-widget_type=\"divider.default\">\n\t\t\t\t<div class=\"elementor-widget-container\">\n\t\t\t\t\t\t\t<div class=\"elementor-divider\">\n\t\t\t<span class=\"elementor-divider-separator\">\n\t\t\t\t\t\t\t<span class=\"elementor-divider__text elementor-divider__element\">\n\t\t\t\tForstdienstleistungen\t\t\t\t<\/span>\n\t\t\t\t\t\t<\/span>\n\t\t<\/div>\n\t\t\t\t\t\t<\/div>\n\t\t\t\t<\/div>\n\t\t\t\t\t<\/div>\n\t\t<\/div>\n\t\t\t\t\t<\/div>\n\t\t<\/section>\n\t\t\t\t<section class=\"elementor-section elementor-top-section elementor-element elementor-element-d64ee41 elementor-section-stretched elementor-section-boxed elementor-section-height-default elementor-section-height-default\" data-id=\"d64ee41\" data-element_type=\"section\" data-e-type=\"section\" data-settings=\"{&quot;stretch_section&quot;:&quot;section-stretched&quot;,&quot;background_background&quot;:&quot;classic&quot;}\">\n\t\t\t\t\t\t<div class=\"elementor-container elementor-column-gap-default\">\n\t\t\t\t\t<div class=\"elementor-column elementor-col-100 elementor-top-column elementor-element elementor-element-eb2f3d3\" data-id=\"eb2f3d3\" data-element_type=\"column\" data-e-type=\"column\">\n\t\t\t<div class=\"elementor-widget-wrap elementor-element-populated\">\n\t\t\t\t\t\t<div class=\"elementor-element elementor-element-e5d6d4c elementor-widget elementor-widget-heading\" data-id=\"e5d6d4c\" data-element_type=\"widget\" data-e-type=\"widget\" data-widget_type=\"heading.default\">\n\t\t\t\t<div class=\"elementor-widget-container\">\n\t\t\t\t\t<h4 class=\"elementor-heading-title elementor-size-default\">Heimat und Verantwortung<\/h4>\t\t\t\t<\/div>\n\t\t\t\t<\/div>\n\t\t\t\t<div class=\"elementor-element elementor-element-20e5b79 elementor-widget elementor-widget-text-editor\" data-id=\"20e5b79\" data-element_type=\"widget\" data-e-type=\"widget\" data-widget_type=\"text-editor.default\">\n\t\t\t\t<div class=\"elementor-widget-container\">\n\t\t\t\t\t\t\t\t\t<p>Die HBB Holzbearbeitung Bralitz GmbH ist Ihr zuverl\u00e4ssiger Partner, wenn es um die Organisation und Durchf\u00fchrung von Holzeinschlags- und R\u00fcckearbeiten in Ihrem Wald geht. Wir verf\u00fcgen \u00fcber ein professionelles und erfahrenes Team, welches die Arbeiten plant, koordiniert und durchf\u00fchrt. Eine stetige Kontrolle und Optimierung bei der Durchf\u00fchrung, \u00a0ist uns f\u00fcr Ihre Zufriedenheit wichtig. Dazu arbeiten wir seit Jahren mit erfahrenen, zertifizierten Einschlagsunternehmen zusammen, die sowohl regional als auch \u00fcberregional t\u00e4tig sind.<\/p><p>Selbstverst\u00e4ndlich begleiten und beraten wir sie in allen Fragen des Waldbaus, Waldschutzes, Naturschutzes oder einfach mit allen Fragen, die im Zusammenhang mit Ihrem Wald stehen.<\/p><p>Neben den klassischen Laubholzsortimenten f\u00fcr unser S\u00e4gewerk, bieten wir Ihnen unsere Dienstleistung zur wertsch\u00f6pfenden Vermarktung \u00a0aller anfallenden Holzarten und Sortimente an.<\/p><p>Die aktuellen Aushaltungsrichtlinien sind jederzeit abrufbar und k\u00f6nnen auch an individuelle W\u00fcnsche und Notwendigkeiten angepasst werden.<\/p>\t\t\t\t\t\t\t\t<\/div>\n\t\t\t\t<\/div>\n\t\t\t\t\t<\/div>\n\t\t<\/div>\n\t\t\t\t\t<\/div>\n\t\t<\/section>\n\t\t\t\t<section class=\"elementor-section elementor-top-section elementor-element elementor-element-c2494b3 elementor-section-boxed elementor-section-height-default elementor-section-height-default\" data-id=\"c2494b3\" data-element_type=\"section\" data-e-type=\"section\" data-settings=\"{&quot;background_background&quot;:&quot;classic&quot;}\">\n\t\t\t\t\t\t\t<div class=\"elementor-background-overlay\"><\/div>\n\t\t\t\t\t\t\t<div class=\"elementor-container elementor-column-gap-default\">\n\t\t\t\t\t<div class=\"elementor-column elementor-col-100 elementor-top-column elementor-element elementor-element-f719f09\" data-id=\"f719f09\" data-element_type=\"column\" data-e-type=\"column\">\n\t\t\t<div class=\"elementor-widget-wrap elementor-element-populated\">\n\t\t\t\t\t\t<div class=\"elementor-element elementor-element-a505dde elementor-widget elementor-widget-spacer\" data-id=\"a505dde\" data-element_type=\"widget\" data-e-type=\"widget\" data-widget_type=\"spacer.default\">\n\t\t\t\t<div class=\"elementor-widget-container\">\n\t\t\t\t\t\t\t<div class=\"elementor-spacer\">\n\t\t\t<div class=\"elementor-spacer-inner\"><\/div>\n\t\t<\/div>\n\t\t\t\t\t\t<\/div>\n\t\t\t\t<\/div>\n\t\t\t\t\t<\/div>\n\t\t<\/div>\n\t\t\t\t\t<\/div>\n\t\t<\/section>\n\t\t\t\t<section class=\"elementor-section elementor-top-section elementor-element elementor-element-cd61510 elementor-section-stretched elementor-section-boxed elementor-section-height-default elementor-section-height-default\" data-id=\"cd61510\" data-element_type=\"section\" data-e-type=\"section\" data-settings=\"{&quot;stretch_section&quot;:&quot;section-stretched&quot;,&quot;background_background&quot;:&quot;classic&quot;}\">\n\t\t\t\t\t\t<div class=\"elementor-container elementor-column-gap-default\">\n\t\t\t\t\t<div class=\"elementor-column elementor-col-100 elementor-top-column elementor-element elementor-element-e0ed6f9\" data-id=\"e0ed6f9\" data-element_type=\"column\" data-e-type=\"column\">\n\t\t\t<div class=\"elementor-widget-wrap elementor-element-populated\">\n\t\t\t\t\t\t<div class=\"elementor-element elementor-element-be53094 elementor-widget elementor-widget-text-editor\" data-id=\"be53094\" data-element_type=\"widget\" data-e-type=\"widget\" data-widget_type=\"text-editor.default\">\n\t\t\t\t<div class=\"elementor-widget-container\">\n\t\t\t\t\t\t\t\t\t<h6>HBB Holzbearbeitung Bralitz GmbH, Ihr kompetenter Partner in:<\/h6><ul><li><p>Der Bef\u00f6rsterung Ihrer Waldfl\u00e4chen<\/p><\/li><li><p>Zeitgem\u00e4\u00dfer Waldbewirtschaftung<\/p><\/li><li><p>Planung und Durchf\u00fchrung von Holzeinschlagsma\u00dfnahmen<\/p><\/li><li><p>Wertsch\u00f6pfender Vermarktung s\u00e4mtlicher Holzsortimente<\/p><\/li><li><p>Anwendung verschiedener Verj\u00fcngungsma\u00dfnahmen durch Pflanzung und Saaten<\/p><\/li><\/ul><h6>HBB Holzbearbeitung Bralitz GmbH garantiert Ihnen:<\/h6><ul><li><p>Nachhaltige Bewirtschaftung Ihrer W\u00e4lder<\/p><\/li><li><p>Angepasste Waldbewirtschaftung an den Klimawandel durch Nutzung neuster Erkenntnisse<\/p><\/li><li><p>Blick und Ziel gerichtet auf standortgerechte, stabile Mischw\u00e4lder mit biologischer Vielfalt, Stabilit\u00e4t und Vitalit\u00e4t<\/p><\/li><li><p>Naturnahe Waldbewirtschaftung<\/p><\/li><li><p>Belassen von ausreichend Totholz und Biotopb\u00e4umen<\/p><\/li><li><p>Beantragung und Nutzung von staatlichen F\u00f6rdermitteln<\/p><\/li><\/ul>\t\t\t\t\t\t\t\t<\/div>\n\t\t\t\t<\/div>\n\t\t\t\t\t<\/div>\n\t\t<\/div>\n\t\t\t\t\t<\/div>\n\t\t<\/section>\n\t\t\t\t<section class=\"elementor-section elementor-top-section elementor-element elementor-element-7fa9cce elementor-section-boxed elementor-section-height-default elementor-section-height-default\" data-id=\"7fa9cce\" data-element_type=\"section\" data-e-type=\"section\">\n\t\t\t\t\t\t<div class=\"elementor-container elementor-column-gap-default\">\n\t\t\t\t\t<div class=\"elementor-column elementor-col-50 elementor-top-column elementor-element elementor-element-e9380a2\" data-id=\"e9380a2\" data-element_type=\"column\" data-e-type=\"column\">\n\t\t\t<div class=\"elementor-widget-wrap elementor-element-populated\">\n\t\t\t\t\t\t<div class=\"elementor-element elementor-element-429a81c elementor-widget elementor-widget-text-editor\" data-id=\"429a81c\" data-element_type=\"widget\" data-e-type=\"widget\" data-widget_type=\"text-editor.default\">\n\t\t\t\t<div class=\"elementor-widget-container\">\n\t\t\t\t\t\t\t\t\t<p><strong>Gerne sind wir Forstdienstleister in Ihrem Wald.<\/strong><\/p><div class=\"elementor-element elementor-element-b28428d elementor-widget elementor-widget-text-editor\" data-id=\"b28428d\" data-element_type=\"widget\" data-widget_type=\"text-editor.default\"><div class=\"elementor-widget-container\"><p>Sprechen Sie uns gerne an.<br \/>Sie erreichen uns per Email <a href=\"mailto:info@hbb-bralitz.com\"><strong>info@hbb-bralitz.com<\/strong><\/a>.<\/p><\/div><\/div>\t\t\t\t\t\t\t\t<\/div>\n\t\t\t\t<\/div>\n\t\t\t\t\t<\/div>\n\t\t<\/div>\n\t\t\t\t<div class=\"elementor-column elementor-col-50 elementor-top-column elementor-element elementor-element-474916e\" data-id=\"474916e\" data-element_type=\"column\" data-e-type=\"column\">\n\t\t\t<div class=\"elementor-widget-wrap elementor-element-populated\">\n\t\t\t\t\t\t<div class=\"elementor-element elementor-element-6a907e9 elementor-widget elementor-widget-button\" data-id=\"6a907e9\" data-element_type=\"widget\" data-e-type=\"widget\" data-widget_type=\"button.default\">\n\t\t\t\t<div class=\"elementor-widget-container\">\n\t\t\t\t\t\t\t\t\t<div class=\"elementor-button-wrapper\">\n\t\t\t\t\t<a class=\"elementor-button elementor-button-link elementor-size-sm\" href=\"mailto:info@hbb-bralitz.com\">\n\t\t\t\t\t\t<span class=\"elementor-button-content-wrapper\">\n\t\t\t\t\t\t<span class=\"elementor-button-icon\">\n\t\t\t\t<i aria-hidden=\"true\" class=\"fas fa-mail-bulk\"><\/i>\t\t\t<\/span>\n\t\t\t\t\t\t\t\t\t<span class=\"elementor-button-text\">Email schreiben...<\/span>\n\t\t\t\t\t<\/span>\n\t\t\t\t\t<\/a>\n\t\t\t\t<\/div>\n\t\t\t\t\t\t\t\t<\/div>\n\t\t\t\t<\/div>\n\t\t\t\t\t<\/div>\n\t\t<\/div>\n\t\t\t\t\t<\/div>\n\t\t<\/section>\n\t\t<!-- dce invisible element 1d242046 -->\t\t<section class=\"elementor-section elementor-top-section elementor-element elementor-element-e852128 elementor-section-boxed elementor-section-height-default elementor-section-height-default\" data-id=\"e852128\" data-element_type=\"section\" data-e-type=\"section\">\n\t\t\t\t\t\t<div class=\"elementor-container elementor-column-gap-default\">\n\t\t\t\t\t<div class=\"elementor-column elementor-col-100 elementor-top-column elementor-element elementor-element-ad5ed9e\" data-id=\"ad5ed9e\" data-element_type=\"column\" data-e-type=\"column\">\n\t\t\t<div class=\"elementor-widget-wrap elementor-element-populated\">\n\t\t\t\t\t\t<div class=\"elementor-element elementor-element-02153ef elementor-widget elementor-widget-spacer\" data-id=\"02153ef\" data-element_type=\"widget\" data-e-type=\"widget\" data-widget_type=\"spacer.default\">\n\t\t\t\t<div class=\"elementor-widget-container\">\n\t\t\t\t\t\t\t<div class=\"elementor-spacer\">\n\t\t\t<div class=\"elementor-spacer-inner\"><\/div>\n\t\t<\/div>\n\t\t\t\t\t\t<\/div>\n\t\t\t\t<\/div>\n\t\t\t\t\t<\/div>\n\t\t<\/div>\n\t\t\t\t\t<\/div>\n\t\t<\/section>\n\t\t<!-- dce invisible element 6a02ade2 --><!-- dce invisible element 152add3 -->\t\t<section class=\"elementor-section elementor-top-section elementor-element elementor-element-49fc314 elementor-section-boxed elementor-section-height-default elementor-section-height-default\" data-id=\"49fc314\" data-element_type=\"section\" data-e-type=\"section\">\n\t\t\t\t\t\t<div class=\"elementor-container elementor-column-gap-default\">\n\t\t\t\t\t<div class=\"elementor-column elementor-col-100 elementor-top-column elementor-element elementor-element-9f3be2e\" data-id=\"9f3be2e\" data-element_type=\"column\" data-e-type=\"column\">\n\t\t\t<div class=\"elementor-widget-wrap elementor-element-populated\">\n\t\t\t\t\t\t<div class=\"elementor-element elementor-element-f0afbc7 elementor-widget elementor-widget-spacer\" data-id=\"f0afbc7\" data-element_type=\"widget\" data-e-type=\"widget\" data-widget_type=\"spacer.default\">\n\t\t\t\t<div class=\"elementor-widget-container\">\n\t\t\t\t\t\t\t<div class=\"elementor-spacer\">\n\t\t\t<div class=\"elementor-spacer-inner\"><\/div>\n\t\t<\/div>\n\t\t\t\t\t\t<\/div>\n\t\t\t\t<\/div>\n\t\t\t\t\t<\/div>\n\t\t<\/div>\n\t\t\t\t\t<\/div>\n\t\t<\/section>\n\t\t\t\t<section class=\"elementor-section elementor-top-section elementor-element elementor-element-567a58e elementor-section-boxed elementor-section-height-default elementor-section-height-default\" data-id=\"567a58e\" data-element_type=\"section\" data-e-type=\"section\">\n\t\t\t\t\t\t<div class=\"elementor-container elementor-column-gap-default\">\n\t\t\t\t\t<div class=\"elementor-column elementor-col-100 elementor-top-column elementor-element elementor-element-d8521d8\" data-id=\"d8521d8\" data-element_type=\"column\" data-e-type=\"column\">\n\t\t\t<div class=\"elementor-widget-wrap elementor-element-populated\">\n\t\t\t\t\t\t<div class=\"elementor-element elementor-element-777df49 elementor-widget-divider--view-line_text elementor-widget-divider--element-align-left elementor-widget elementor-widget-divider\" data-id=\"777df49\" data-element_type=\"widget\" data-e-type=\"widget\" data-widget_type=\"divider.default\">\n\t\t\t\t<div class=\"elementor-widget-container\">\n\t\t\t\t\t\t\t<div class=\"elementor-divider\">\n\t\t\t<span class=\"elementor-divider-separator\">\n\t\t\t\t\t\t\t<span class=\"elementor-divider__text elementor-divider__element\">\n\t\t\t\tWeitere Produkte & Leistungen\t\t\t\t<\/span>\n\t\t\t\t\t\t<\/span>\n\t\t<\/div>\n\t\t\t\t\t\t<\/div>\n\t\t\t\t<\/div>\n\t\t\t\t\t<\/div>\n\t\t<\/div>\n\t\t\t\t\t<\/div>\n\t\t<\/section>\n\t\t\t\t<section class=\"elementor-section elementor-inner-section elementor-element elementor-element-71f70d5a elementor-section-content-bottom elementor-section-boxed elementor-section-height-default elementor-section-height-default\" data-id=\"71f70d5a\" data-element_type=\"section\" data-e-type=\"section\" data-settings=\"{&quot;background_background&quot;:&quot;classic&quot;}\">\n\t\t\t\t\t\t<div class=\"elementor-container elementor-column-gap-default\">\n\t\t\t\t\t<div class=\"elementor-column elementor-col-50 elementor-inner-column elementor-element elementor-element-68a3b329\" data-id=\"68a3b329\" data-element_type=\"column\" data-e-type=\"column\">\n\t\t\t<div class=\"elementor-widget-wrap elementor-element-populated\">\n\t\t\t\t\t\t<div class=\"elementor-element elementor-element-3c416d51 animated-slow elementor-position-top elementor-invisible elementor-widget elementor-widget-image-box\" data-id=\"3c416d51\" data-element_type=\"widget\" data-e-type=\"widget\" data-settings=\"{&quot;_animation&quot;:&quot;fadeInLeft&quot;}\" data-widget_type=\"image-box.default\">\n\t\t\t\t<div class=\"elementor-widget-container\">\n\t\t\t\t\t<div class=\"elementor-image-box-wrapper\"><figure class=\"elementor-image-box-img\"><a href=\"\/en\/laubholz-saegeprodukte\/\" tabindex=\"-1\"><img decoding=\"async\" src=\"https:\/\/hitemplin.com\/wp-content\/uploads\/2020\/02\/schnittholz_75px.png\" title=\"\" alt=\"\" loading=\"lazy\" \/><\/a><\/figure><div class=\"elementor-image-box-content\"><h3 class=\"elementor-image-box-title\"><a href=\"\/en\/laubholz-saegeprodukte\/\">Laubholz-S\u00e4geprodukte<\/a><\/h3><p class=\"elementor-image-box-description\">Einschnitt von Laubholz verschiedener Qualit\u00e4ten.<br>Nationaler &amp; Internationaler Vertrieb.<\/p><\/div><\/div>\t\t\t\t<\/div>\n\t\t\t\t<\/div>\n\t\t\t\t\t<\/div>\n\t\t<\/div>\n\t\t\t\t<div class=\"elementor-column elementor-col-50 elementor-inner-column elementor-element elementor-element-6187916d\" data-id=\"6187916d\" data-element_type=\"column\" data-e-type=\"column\">\n\t\t\t<div class=\"elementor-widget-wrap elementor-element-populated\">\n\t\t\t\t\t\t<div class=\"elementor-element elementor-element-769697f animated-slow elementor-position-top elementor-invisible elementor-widget elementor-widget-image-box\" data-id=\"769697f\" data-element_type=\"widget\" data-e-type=\"widget\" data-settings=\"{&quot;_animation&quot;:&quot;fadeInRight&quot;}\" data-widget_type=\"image-box.default\">\n\t\t\t\t<div class=\"elementor-widget-container\">\n\t\t\t\t\t<div class=\"elementor-image-box-wrapper\"><figure class=\"elementor-image-box-img\"><a href=\"\/en\/brennholz\/\" tabindex=\"-1\"><img decoding=\"async\" src=\"https:\/\/hitemplin.com\/wp-content\/uploads\/2020\/02\/schnittholz_75px.png\" title=\"\" alt=\"\" loading=\"lazy\" \/><\/a><\/figure><div class=\"elementor-image-box-content\"><h3 class=\"elementor-image-box-title\"><a href=\"\/en\/brennholz\/\">Brennholz-Verkauf<\/a><\/h3><p class=\"elementor-image-box-description\">verschiedene Sorten Brennholz<br>\nnach Angebot.<\/p><\/div><\/div>\t\t\t\t<\/div>\n\t\t\t\t<\/div>\n\t\t\t\t\t<\/div>\n\t\t<\/div>\n\t\t\t\t\t<\/div>\n\t\t<\/section>\n\t\t\t\t<section class=\"elementor-section elementor-top-section elementor-element elementor-element-68b6751 elementor-section-boxed elementor-section-height-default elementor-section-height-default\" data-id=\"68b6751\" data-element_type=\"section\" data-e-type=\"section\">\n\t\t\t\t\t\t<div class=\"elementor-container elementor-column-gap-default\">\n\t\t\t\t\t<div class=\"elementor-column elementor-col-100 elementor-top-column elementor-element elementor-element-7b9d5c7\" data-id=\"7b9d5c7\" data-element_type=\"column\" data-e-type=\"column\">\n\t\t\t<div class=\"elementor-widget-wrap elementor-element-populated\">\n\t\t\t\t\t\t<div class=\"elementor-element elementor-element-8200626 elementor-widget elementor-widget-spacer\" data-id=\"8200626\" data-element_type=\"widget\" data-e-type=\"widget\" data-widget_type=\"spacer.default\">\n\t\t\t\t<div class=\"elementor-widget-container\">\n\t\t\t\t\t\t\t<div class=\"elementor-spacer\">\n\t\t\t<div class=\"elementor-spacer-inner\"><\/div>\n\t\t<\/div>\n\t\t\t\t\t\t<\/div>\n\t\t\t\t<\/div>\n\t\t\t\t\t<\/div>\n\t\t<\/div>\n\t\t\t\t\t<\/div>\n\t\t<\/section>\n\t\t\t\t<\/div>","protected":false},"excerpt":{"rendered":"<p>Forstdienstleistungen Heimat und Verantwortung Die HBB Holzbearbeitung Bralitz GmbH ist Ihr zuverl\u00e4ssiger Partner, wenn es um die Organisation und Durchf\u00fchrung von Holzeinschlags- und R\u00fcckearbeiten in Ihrem Wald geht. Wir verf\u00fcgen \u00fcber ein professionelles und erfahrenes Team, welches die Arbeiten plant, koordiniert und durchf\u00fchrt. Eine stetige Kontrolle und Optimierung bei der Durchf\u00fchrung, \u00a0ist uns f\u00fcr Ihre [&hellip;]<\/p>\n","protected":false},"author":1,"featured_media":0,"parent":0,"menu_order":0,"comment_status":"closed","ping_status":"closed","template":"elementor_header_footer","meta":{"footnotes":""},"class_list":["post-665","page","type-page","status-publish","hentry"],"_links":{"self":[{"href":"https:\/\/hbb-bralitz.com\/en\/wp-json\/wp\/v2\/pages\/665","targetHints":{"allow":["GET"]}}],"collection":[{"href":"https:\/\/hbb-bralitz.com\/en\/wp-json\/wp\/v2\/pages"}],"about":[{"href":"https:\/\/hbb-bralitz.com\/en\/wp-json\/wp\/v2\/types\/page"}],"author":[{"embeddable":true,"href":"https:\/\/hbb-bralitz.com\/en\/wp-json\/wp\/v2\/users\/1"}],"replies":[{"embeddable":true,"href":"https:\/\/hbb-bralitz.com\/en\/wp-json\/wp\/v2\/comments?post=665"}],"version-history":[{"count":36,"href":"https:\/\/hbb-bralitz.com\/en\/wp-json\/wp\/v2\/pages\/665\/revisions"}],"predecessor-version":[{"id":5721,"href":"https:\/\/hbb-bralitz.com\/en\/wp-json\/wp\/v2\/pages\/665\/revisions\/5721"}],"wp:attachment":[{"href":"https:\/\/hbb-bralitz.com\/en\/wp-json\/wp\/v2\/media?parent=665"}],"curies":[{"name":"wp","href":"https:\/\/api.w.org\/{rel}","templated":true}]}}