{"id":2209,"date":"2020-11-13T10:40:54","date_gmt":"2020-11-13T10:40:54","guid":{"rendered":"https:\/\/hitemplin.com\/?page_id=2209"},"modified":"2025-04-16T08:03:11","modified_gmt":"2025-04-16T08:03:11","slug":"grundsaetze-der-datenverarbeitung","status":"publish","type":"page","link":"https:\/\/hbb-bralitz.com\/en\/grundsaetze-der-datenverarbeitung\/","title":{"rendered":"Grunds\u00e4tze der Datenverarbeitung"},"content":{"rendered":"<div data-elementor-type=\"wp-page\" data-elementor-id=\"2209\" class=\"elementor elementor-2209\" data-elementor-post-type=\"page\">\n\t\t\t\t\t\t<section class=\"elementor-section elementor-top-section elementor-element elementor-element-1d913b45 elementor-section-stretched elementor-section-boxed elementor-section-height-default elementor-section-height-default\" data-id=\"1d913b45\" data-element_type=\"section\" data-e-type=\"section\" data-settings=\"{&quot;stretch_section&quot;:&quot;section-stretched&quot;,&quot;background_background&quot;:&quot;classic&quot;}\">\n\t\t\t\t\t\t<div class=\"elementor-container elementor-column-gap-default\">\n\t\t\t\t\t<div class=\"elementor-column elementor-col-100 elementor-top-column elementor-element elementor-element-322d73ee\" data-id=\"322d73ee\" data-element_type=\"column\" data-e-type=\"column\">\n\t\t\t<div class=\"elementor-widget-wrap elementor-element-populated\">\n\t\t\t\t\t\t<div class=\"elementor-element elementor-element-2ac91781 elementor-widget-divider--view-line_text elementor-widget-divider--element-align-right elementor-widget elementor-widget-divider\" data-id=\"2ac91781\" data-element_type=\"widget\" data-e-type=\"widget\" data-widget_type=\"divider.default\">\n\t\t\t\t<div class=\"elementor-widget-container\">\n\t\t\t\t\t\t\t<div class=\"elementor-divider\">\n\t\t\t<span class=\"elementor-divider-separator\">\n\t\t\t\t\t\t<\/span>\n\t\t<\/div>\n\t\t\t\t\t\t<\/div>\n\t\t\t\t<\/div>\n\t\t\t\t\t<\/div>\n\t\t<\/div>\n\t\t\t\t\t<\/div>\n\t\t<\/section>\n\t\t\t\t<section class=\"elementor-section elementor-top-section elementor-element elementor-element-57ee94c elementor-section-boxed elementor-section-height-default elementor-section-height-default\" data-id=\"57ee94c\" data-element_type=\"section\" data-e-type=\"section\">\n\t\t\t\t\t\t<div class=\"elementor-container elementor-column-gap-default\">\n\t\t\t\t\t<div class=\"elementor-column elementor-col-100 elementor-top-column elementor-element elementor-element-e4d6469\" data-id=\"e4d6469\" data-element_type=\"column\" data-e-type=\"column\">\n\t\t\t<div class=\"elementor-widget-wrap elementor-element-populated\">\n\t\t\t\t\t\t<div class=\"elementor-element elementor-element-6bfc59d elementor-widget elementor-widget-heading\" data-id=\"6bfc59d\" data-element_type=\"widget\" data-e-type=\"widget\" data-widget_type=\"heading.default\">\n\t\t\t\t<div class=\"elementor-widget-container\">\n\t\t\t\t\t<h4 class=\"elementor-heading-title elementor-size-default\">Grunds\u00e4tze der Datenverarbeitung bei der HBB Holzbearbeitung Bralitz GmbH<\/h4>\t\t\t\t<\/div>\n\t\t\t\t<\/div>\n\t\t\t\t<div class=\"elementor-element elementor-element-61b66de elementor-widget elementor-widget-text-editor\" data-id=\"61b66de\" data-element_type=\"widget\" data-e-type=\"widget\" data-widget_type=\"text-editor.default\">\n\t\t\t\t<div class=\"elementor-widget-container\">\n\t\t\t\t\t\t\t\t\t<p>Sie sind \u00fcber einen Link auf diese Seite gekommen, weil Sie sich \u00fcber unseren Umgang mit (Ihren) personenbezogenen Daten informieren wollen. Um unsere Informationspflichten nach den Art. 12 ff. der Datenschutz-Grundverordnung (DSGVO) zu erf\u00fcllen, stellen wir Ihnen nachfolgend gerne unsere Informationen zum Datenschutz dar:<\/p><p><strong>Wer ist f\u00fcr Datenverarbeitung verantwortlich?<\/strong><br \/>Verantwortlicher im Sinne des Datenschutzrecht ist die<\/p><p>HBB Holzbearbeitung Bralitz GmbH<br \/>Oderberger Str. 19<br \/>D-16259 Bad Freienwalde \/ Bralitz<\/p><p>Sie finden weitere Informationen zu unserem Unternehmen, Angaben zu den vertretungsberechtigten Personen und auch weitere Kontaktm\u00f6glichkeiten im Impressum unserer Internetseite:<\/p><p><a href=\"https:\/\/hbb-bralitz.com\/en\/impressum\/\" target=\"_blank\" rel=\"noopener\">https:\/\/hbb-bralitz.com\/impressum<\/a><\/p><p><strong>Welche Daten von Ihnen werden von uns verarbeitet?<br \/>Und zu welchen Zwecken?<\/strong><br \/>Wenn wir Daten von Ihnen erhalten haben, dann werden wir diese grunds\u00e4tzlich nur f\u00fcr die Zwecke verarbeiten, f\u00fcr die wir sie erhalten oder erhoben haben.<\/p><p>Eine Datenverarbeitung zu anderen Zwecken kommt nur dann in Betracht, wenn die insoweit erforderlichen rechtlichen Vorgaben gem\u00e4\u00df Art. 6 Abs. 4 DSGVO vorliegen. Etwaige Informationspflichten nach Art. 13 Abs. 3 DSGVO und Art. 14 Abs. 4 DSGVO werden wir in dem Fall selbstverst\u00e4ndlich beachten.<\/p><p><strong>Auf welcher rechtlichen Grundlage basiert das?<\/strong><br \/>Rechtsgrundlage f\u00fcr die Verarbeitung von personenbezogenen Daten ist grunds\u00e4tzlich \u2013 soweit es nicht noch spezifische Rechtsvorschriften gibt \u2013\u00a0Art. 6 DSGVO. Hier kommen insbesondere folgende M\u00f6glichkeiten in Betracht:<\/p><ul><li><p>Einwilligung (Art. 6 Abs. 1 lit. a) DSGVO)<\/p><\/li><li><p>Datenverarbeitung zur Erf\u00fcllung von Vertr\u00e4gen (Art. 6 Abs. 1 lit. b) DSGVO<\/p><\/li><li><p>Datenverarbeitung auf Basis einer Interessenabw\u00e4gung (Art. 6 Abs. 1 lit. f) DSGVO)<\/p><\/li><li><p>Datenverarbeitung zur Erf\u00fcllung einer rechtlichen Verpflichtung (Art. 6 Abs. 1 lit. c) DSGVO)<\/p><\/li><\/ul><p>Wenn personenbezogene Daten auf Grundlage einer <strong>Einwilligung<\/strong> von Ihnen verarbeitet werden, haben Sie das Recht, die Einwilligung jederzeit mit Wirkung f\u00fcr die Zukunft uns gegen\u00fcber zu <strong>widerrufen<\/strong>.<\/p><p>Wenn wir Daten auf Basis einer <strong>Interessenabw\u00e4gung<\/strong> verarbeiten, haben Sie als Betroffene\/r das Recht, unter Ber\u00fccksichtigung der Vorgaben von Art. 21 DSGVO der Verarbeitung der personenbezogenen Daten zu <strong>widersprechen<\/strong>.<\/p><p><strong>Wie lange werden die Daten gespeichert?<\/strong><br \/>Wir verarbeiten die Daten, solange dies f\u00fcr den jeweiligen Zweck erforderlich ist.<\/p><p>Soweit gesetzliche Aufbewahrungspflichten bestehen \u2013 z.B. im Handelsrecht oder Steuerrecht \u2013\u00a0werden die betreffenden personenbezogenen Daten f\u00fcr die Dauer der Aufbewahrungspflicht gespeichert. Nach Ablauf der Aufbewahrungspflicht wird gepr\u00fcft, ob eine weitere Erforderlichkeit f\u00fcr die Verarbeitung vorliegt. Liegt eine Erforderlichkeit nicht mehr vor, werden die Daten gel\u00f6scht.<\/p><p>Grunds\u00e4tzlich nehmen wir gegen Ende eines Kalenderjahres eine Pr\u00fcfung von Daten im Hinblick auf das Erfordernis einer weiteren Verarbeitung vor. Aufgrund der Menge der Daten erfolgt diese Pr\u00fcfung im Hinblick auf spezifische Datenarten oder Zwecke einer Verarbeitung.<\/p><p>Selbstverst\u00e4ndlich k\u00f6nnen Sie jederzeit (s.u.) Auskunft \u00fcber die bei uns zu Ihrer Person gespeicherten Daten verlangen und im Falle einer nicht bestehenden Erforderlichkeit eine L\u00f6schung der Daten oder Einschr\u00e4nkung der Verarbeitung verlangen.<\/p><p><strong>An welche Empf\u00e4nger werden die Daten weitergegeben?<\/strong><br \/>Eine Weitergabe Ihrer personenbezogenen Daten an Dritte findet grunds\u00e4tzlich nur statt, wenn dies f\u00fcr die Durchf\u00fchrung des Vertrages mit Ihnen erforderlich ist, die Weitergabe auf Basis einer Interessenabw\u00e4gung i.S.d. Art. 6 Abs. 1 lit. f) DSGVO zul\u00e4ssig ist, wir rechtlich zu der Weitergabe verpflichtet sind oder Sie insoweit eine Einwilligung erteilt haben.<\/p><p><strong>Wo werden die Daten verarbeitet?<\/strong><br \/>Ihre personenbezogenen Daten werden von uns ausschlie\u00dflich in Rechenzentren der Bundesrepublik Deutschland verarbeitet.<\/p><p><strong>Ihre Rechte als \u201eBetroffene\u201c<\/strong><br \/>Sie haben das Recht auf Auskunft \u00fcber die von uns zu Ihrer Person verarbeiteten personenbezogenen Daten.<\/p><p>Bei einer Auskunftsanfrage, die nicht schriftlich erfolgt, bitten wir um Verst\u00e4ndnis daf\u00fcr, dass wir dann ggf. Nachweise von Ihnen verlangen, die belegen, dass Sie die Person sind, f\u00fcr die Sie sich ausgeben.<\/p><p>Ferner haben Sie ein Recht auf Berichtigung oder L\u00f6schung oder auf Einschr\u00e4nkung der Verarbeitung, soweit Ihnen dies gesetzlich zusteht.<\/p><p>Ferner haben Sie ein Widerspruchsrecht gegen die Verarbeitung im Rahmen der gesetzlichen Vorgaben. Ein Recht auf Daten\u00fcbertragbarkeit besteht ebenfalls im Rahmen der datenschutzrechtlichen Vorgaben.<\/p><p><strong>Insbesondere haben Sie ein Widerspruchsrecht nach Art. 21 Abs. 1 und 2 DSGVO gegen die Verarbeitung Ihrer Daten im Zusammenhang mit einer Direktwerbung, wenn diese auf Basis einer Interessenabw\u00e4gung erfolgt.<\/strong><\/p><p>Wir setzen keine Verarbeitungen ein, die auf einer automatisierten Entscheidungsfindung einschlie\u00dflich Profiling i.S.d. Art. 22 DSGVO beruhen.<\/p><p><strong>Unser Datenschutzbeauftragter<\/strong><br \/>Wir haben einen Datenschutzbeauftragten in unserem Unternehmen benannt. Sie erreichen diesen unter folgenden Kontaktm\u00f6glichkeiten:<\/p><p>HBB Holzbearbeitung Bralitz GmbH<br \/>\u2013 Datenschutzbeauftragter \u2013<br \/>Oderberger Str. 19<br \/>16259 Bad Freienwalde \/ Bralitz<br \/>E-Mail: <a href=\"mailto:datenschutz@hbb-bralitz.com\" target=\"_blank\" rel=\"noopener\">datenschutz@hbb-bralitz.com<\/a><\/p><p><strong>Beschwerderecht<\/strong><br \/>Sie haben das Recht, sich \u00fcber die Verarbeitung personenbezogenen Daten durch uns bei einer Aufsichtsbeh\u00f6rde f\u00fcr den Datenschutz zu beschweren.<\/p><p>Stand: 01.04.2025<\/p>\t\t\t\t\t\t\t\t<\/div>\n\t\t\t\t<\/div>\n\t\t\t\t\t<\/div>\n\t\t<\/div>\n\t\t\t\t\t<\/div>\n\t\t<\/section>\n\t\t\t\t<\/div>","protected":false},"excerpt":{"rendered":"<p>Grunds\u00e4tze der Datenverarbeitung bei der HBB Holzbearbeitung Bralitz GmbH Sie sind \u00fcber einen Link auf diese Seite gekommen, weil Sie sich \u00fcber unseren Umgang mit (Ihren) personenbezogenen Daten informieren wollen. Um unsere Informationspflichten nach den Art. 12 ff. der Datenschutz-Grundverordnung (DSGVO) zu erf\u00fcllen, stellen wir Ihnen nachfolgend gerne unsere Informationen zum Datenschutz dar: Wer ist [&hellip;]<\/p>\n","protected":false},"author":1,"featured_media":0,"parent":0,"menu_order":0,"comment_status":"closed","ping_status":"closed","template":"elementor_header_footer","meta":{"footnotes":""},"class_list":["post-2209","page","type-page","status-publish","hentry"],"_links":{"self":[{"href":"https:\/\/hbb-bralitz.com\/en\/wp-json\/wp\/v2\/pages\/2209","targetHints":{"allow":["GET"]}}],"collection":[{"href":"https:\/\/hbb-bralitz.com\/en\/wp-json\/wp\/v2\/pages"}],"about":[{"href":"https:\/\/hbb-bralitz.com\/en\/wp-json\/wp\/v2\/types\/page"}],"author":[{"embeddable":true,"href":"https:\/\/hbb-bralitz.com\/en\/wp-json\/wp\/v2\/users\/1"}],"replies":[{"embeddable":true,"href":"https:\/\/hbb-bralitz.com\/en\/wp-json\/wp\/v2\/comments?post=2209"}],"version-history":[{"count":3,"href":"https:\/\/hbb-bralitz.com\/en\/wp-json\/wp\/v2\/pages\/2209\/revisions"}],"predecessor-version":[{"id":5183,"href":"https:\/\/hbb-bralitz.com\/en\/wp-json\/wp\/v2\/pages\/2209\/revisions\/5183"}],"wp:attachment":[{"href":"https:\/\/hbb-bralitz.com\/en\/wp-json\/wp\/v2\/media?parent=2209"}],"curies":[{"name":"wp","href":"https:\/\/api.w.org\/{rel}","templated":true}]}}